{"id":737,"date":"2024-08-19T00:41:29","date_gmt":"2024-08-19T00:41:29","guid":{"rendered":"https:\/\/wiwo.center\/?page_id=737"},"modified":"2024-09-12T15:26:43","modified_gmt":"2024-09-12T18:26:43","slug":"soporte","status":"publish","type":"page","link":"https:\/\/staging.wiwo.center\/index.php\/soporte\/","title":{"rendered":"Support Deck"},"content":{"rendered":"\t\t<div data-elementor-type=\"wp-page\" data-elementor-id=\"737\" class=\"elementor elementor-737\" data-elementor-post-type=\"page\">\n\t\t\t\t<div data-custom-animations=\"true\" data-ca-options=\"{&quot;addChildTimelines&quot;:false,&quot;animationTarget&quot;:&quot;:scope  &gt; .e-con&quot;,&quot;duration&quot;:1000,&quot;ease&quot;:&quot;expo.out&quot;,&quot;initValues&quot;:{&quot;scaleX&quot;:0.5,&quot;scaleY&quot;:0.5,&quot;opacity&quot;:0},&quot;animations&quot;:{&quot;scaleX&quot;:1,&quot;scaleY&quot;:1,&quot;opacity&quot;:1}}\" class=\"elementor-element elementor-element-9e3fa58 e-con-full e-flex e-con e-parent\" data-id=\"9e3fa58\" data-element_type=\"container\">\n\t\t<div data-custom-animations=\"true\" data-ca-options=\"{&quot;addChildTimelines&quot;:false,&quot;animationTarget&quot;:&quot;:scope  &gt; .elementor-element:not(.lqd-exclude-parent-ca) &gt; .elementor-widget-container, :scope  &gt; .elementor-widget-hub_fancy_heading .lqd-split-lines .lqd-lines .split-inner, :scope  &gt; .elementor-widget-hub_fancy_heading .lqd-split-words .lqd-words .split-inner, :scope  &gt; .elementor-widget-hub_fancy_heading .lqd-split-chars .lqd-chars .split-inner, :scope  &gt; .elementor-widget-hub_fancy_heading .lqd-adv-txt-fig, :scope  &gt; .elementor-widget-ld_custom_menu .lqd-fancy-menu &gt; ul &gt; li, :scope .e-con:not([data-parallax]) .elementor-element &gt; .elementor-widget-container, :scope .e-con:not([data-parallax]) .elementor-widget-hub_fancy_heading .lqd-split-lines .lqd-lines .split-inner, :scope .e-con:not([data-parallax]) .elementor-widget-hub_fancy_heading .lqd-split-words .lqd-words .split-inner, :scope .e-con:not([data-parallax]) .elementor-widget-hub_fancy_heading .lqd-split-chars .lqd-chars .split-inner, :scope .e-con:not([data-parallax]) .elementor-widget-ld_custom_menu .lqd-fancy-menu &gt; ul &gt; li&quot;,&quot;duration&quot;:1000,&quot;startDelay&quot;:1000,&quot;ease&quot;:&quot;expo.out&quot;,&quot;initValues&quot;:[],&quot;animations&quot;:[]}\" class=\"elementor-element elementor-element-a6e5cbc e-con-full e-flex e-con e-child\" data-id=\"a6e5cbc\" data-element_type=\"container\" data-settings=\"{&quot;background_background&quot;:&quot;classic&quot;}\">\n\t\t\t\t<div class=\"elementor-element elementor-element-6b5de0a elementor-absolute elementor-widget elementor-widget-ld_fancy_image\" data-id=\"6b5de0a\" data-element_type=\"widget\" data-settings=\"{&quot;_position&quot;:&quot;absolute&quot;}\" data-widget_type=\"ld_fancy_image.default\">\n\t\t\t\t<div class=\"elementor-widget-container\">\n\t\t\t\n\t\t<div class=\"lqd-imggrp-single d-block pos-rel \">\n\t\t\t<div class=\"lqd-imggrp-img-container d-inline-flex pos-rel align-items-center justify-content-center \">\n\t\t\t\t\t\t\t\t<figure class=\"w-100 pos-rel\">\n\t\t\t\t\t<img fetchpriority=\"high\" decoding=\"async\" width=\"407\" height=\"421\" src=\"https:\/\/staging.wiwo.center\/wp-content\/uploads\/2022\/07\/shape-2.svg\" class=\"attachment-full size-full wp-image-338\" alt=\"\" itemprop=\"image\" \/>\t\t\t\t\t\t\t\t\t\t\t\t\t\t\t\t\t\t\t\t\t\t\t\t\t\t\t\t\t<\/figure>\n\t\t\t<\/div>\n\t\t<\/div>\n\n\t\t\t<\/div>\n\t\t\t\t<\/div>\n\t\t\t\t<div class=\"elementor-element elementor-element-1af81ba elementor-widget__width-initial elementor-absolute elementor-widget elementor-widget-ld_fancy_image\" data-id=\"1af81ba\" data-element_type=\"widget\" data-settings=\"{&quot;_position&quot;:&quot;absolute&quot;}\" data-widget_type=\"ld_fancy_image.default\">\n\t\t\t\t<div class=\"elementor-widget-container\">\n\t\t\t\n\t\t<div class=\"lqd-imggrp-single d-block pos-rel \" data-float=\"ease-out\">\n\t\t\t<div class=\"lqd-imggrp-img-container d-inline-flex pos-rel align-items-center justify-content-center \">\n\t\t\t\t\t\t\t\t<figure class=\"w-100 pos-rel\">\n\t\t\t\t\t<img decoding=\"async\" width=\"519\" height=\"519\" src=\"data:image\/svg+xml;charset=utf-8,%3Csvg xmlns%3D&#039;http%3A%2F%2Fwww.w3.org%2F2000%2Fsvg&#039; viewBox%3D&#039;0 0 519 519&#039;%2F%3E\" class=\"attachment-full size-full wp-image-1582 ld-lazyload\" alt=\"\" itemprop=\"image\" data-src=\"https:\/\/staging.wiwo.center\/wp-content\/uploads\/2024\/09\/1.png\" data-srcset=\"https:\/\/staging.wiwo.center\/wp-content\/uploads\/2024\/09\/1.png 519w, https:\/\/staging.wiwo.center\/wp-content\/uploads\/2024\/09\/1-300x300.png 300w, https:\/\/staging.wiwo.center\/wp-content\/uploads\/2024\/09\/1-150x150.png 150w, https:\/\/staging.wiwo.center\/wp-content\/uploads\/2024\/09\/1-320x320.png 320w\" data-sizes=\"(max-width: 519px) 100vw, 519px\" data-aspect=\"1\" \/>\t\t\t\t\t\t\t\t\t\t\t\t\t\t\t\t\t\t\t\t\t\t\t\t\t\t\t\t\t<\/figure>\n\t\t\t<\/div>\n\t\t<\/div>\n\n\t\t\t<\/div>\n\t\t\t\t<\/div>\n\t\t\t\t<div class=\"elementor-element elementor-element-cd3c337 elementor-widget__width-initial elementor-absolute elementor-hidden-mobile elementor-widget elementor-widget-ld_fancy_image\" data-id=\"cd3c337\" data-element_type=\"widget\" data-settings=\"{&quot;_position&quot;:&quot;absolute&quot;}\" data-widget_type=\"ld_fancy_image.default\">\n\t\t\t\t<div class=\"elementor-widget-container\">\n\t\t\t\n\t\t<div class=\"lqd-imggrp-single d-block pos-rel \" data-float=\"ease-in-out\">\n\t\t\t<div class=\"lqd-imggrp-img-container d-inline-flex pos-rel align-items-center justify-content-center \">\n\t\t\t\t\t\t\t\t<figure class=\"w-100 pos-rel\">\n\t\t\t\t\t<img decoding=\"async\" width=\"258\" height=\"258\" src=\"data:image\/svg+xml;charset=utf-8,%3Csvg xmlns%3D&#039;http%3A%2F%2Fwww.w3.org%2F2000%2Fsvg&#039; viewBox%3D&#039;0 0 258 258&#039;%2F%3E\" class=\"attachment-full size-full wp-image-1581 ld-lazyload\" alt=\"\" itemprop=\"image\" data-src=\"https:\/\/staging.wiwo.center\/wp-content\/uploads\/2024\/09\/2.png\" data-srcset=\"https:\/\/staging.wiwo.center\/wp-content\/uploads\/2024\/09\/2.png 258w, https:\/\/staging.wiwo.center\/wp-content\/uploads\/2024\/09\/2-150x150.png 150w\" data-sizes=\"(max-width: 258px) 100vw, 258px\" data-aspect=\"1\" \/>\t\t\t\t\t\t\t\t\t\t\t\t\t\t\t\t\t\t\t\t\t\t\t\t\t\t\t\t\t<\/figure>\n\t\t\t<\/div>\n\t\t<\/div>\n\n\t\t\t<\/div>\n\t\t\t\t<\/div>\n\t\t\t\t<div class=\"elementor-element elementor-element-e838227 elementor-widget elementor-widget-hub_fancy_heading\" data-id=\"e838227\" data-element_type=\"widget\" data-widget_type=\"hub_fancy_heading.default\">\n\t\t\t\t<div class=\"elementor-widget-container\">\n\t\t\t\n\t\t<div id=\"ld-fancy-heading-69fe8e01cda4d\" class=\"ld-fancy-heading pos-rel\">\n\t\t\t<h6 class=\"ld-fh-element d-inline-block pos-rel  elementor-heading-title lqd-highlight-classic lqd-highlight-grow-left h6\"  > support deck<\/h6>\t\t<\/div>\n\n\t\t\t\t<\/div>\n\t\t\t\t<\/div>\n\t\t\t\t<div class=\"elementor-element elementor-element-ebe4399 elementor-widget elementor-widget-hub_fancy_heading\" data-id=\"ebe4399\" data-element_type=\"widget\" data-widget_type=\"hub_fancy_heading.default\">\n\t\t\t\t<div class=\"elementor-widget-container\">\n\t\t\t\n\t\t<div id=\"ld-fancy-heading-69fe8e01cdc5b\" class=\"ld-fancy-heading pos-rel\">\n\t\t\t<h2 class=\"ld-fh-element d-inline-block pos-rel  elementor-heading-title lqd-highlight-classic lqd-highlight-grow-left h2\"  > Cu\u00e9ntanos qu\u00e9 est\u00e1 pasando...<\/h2>\t\t<\/div>\n\n\t\t\t\t<\/div>\n\t\t\t\t<\/div>\n\t\t<div class=\"elementor-element elementor-element-f5e2cbe e-flex e-con-boxed e-con e-child\" data-id=\"f5e2cbe\" data-element_type=\"container\">\n\t\t\t\t\t<div class=\"e-con-inner\">\n\t\t\t\t<div class=\"elementor-element elementor-element-10e6b44 elementor-search-form--skin-minimal elementor-widget elementor-widget-search-form\" data-id=\"10e6b44\" data-element_type=\"widget\" data-settings=\"{&quot;skin&quot;:&quot;minimal&quot;}\" data-widget_type=\"search-form.default\">\n\t\t\t\t<div class=\"elementor-widget-container\">\n\t\t\t\t\t<search role=\"search\">\n\t\t\t<form class=\"elementor-search-form\" action=\"https:\/\/staging.wiwo.center\" method=\"get\">\n\t\t\t\t\t\t\t\t\t\t\t\t<div class=\"elementor-search-form__container\">\n\t\t\t\t\t<label class=\"elementor-screen-only\" for=\"elementor-search-form-10e6b44\">Search<\/label>\n\n\t\t\t\t\t\t\t\t\t\t\t<div class=\"elementor-search-form__icon\">\n\t\t\t\t\t\t\t<div class=\"e-font-icon-svg-container\"><svg aria-hidden=\"true\" class=\"e-font-icon-svg e-fas-search\" viewBox=\"0 0 512 512\" xmlns=\"http:\/\/www.w3.org\/2000\/svg\"><path d=\"M505 442.7L405.3 343c-4.5-4.5-10.6-7-17-7H372c27.6-35.3 44-79.7 44-128C416 93.1 322.9 0 208 0S0 93.1 0 208s93.1 208 208 208c48.3 0 92.7-16.4 128-44v16.3c0 6.4 2.5 12.5 7 17l99.7 99.7c9.4 9.4 24.6 9.4 33.9 0l28.3-28.3c9.4-9.4 9.4-24.6.1-34zM208 336c-70.7 0-128-57.2-128-128 0-70.7 57.2-128 128-128 70.7 0 128 57.2 128 128 0 70.7-57.2 128-128 128z\"><\/path><\/svg><\/div>\t\t\t\t\t\t\t<span class=\"elementor-screen-only\">Search<\/span>\n\t\t\t\t\t\t<\/div>\n\t\t\t\t\t\n\t\t\t\t\t<input id=\"elementor-search-form-10e6b44\" placeholder=\"Support Deck\" class=\"elementor-search-form__input\" type=\"search\" name=\"s\" value=\"\">\n\t\t\t\t\t\n\t\t\t\t\t\n\t\t\t\t\t\t\t\t\t<\/div>\n\t\t\t<\/form>\n\t\t<\/search>\n\t\t\t\t<\/div>\n\t\t\t\t<\/div>\n\t\t\t\t\t<\/div>\n\t\t\t\t<\/div>\n\t\t\t\t<\/div>\n\t\t\t\t<\/div>\n\t\t<div data-custom-animations=\"true\" data-ca-options=\"{&quot;addChildTimelines&quot;:false,&quot;animationTarget&quot;:&quot;:scope .e-con-inner &gt; .elementor-element:not(.lqd-exclude-parent-ca) &gt; .elementor-widget-container, :scope .e-con-inner &gt; .elementor-widget-hub_fancy_heading .lqd-split-lines .lqd-lines .split-inner, :scope .e-con-inner &gt; .elementor-widget-hub_fancy_heading .lqd-split-words .lqd-words .split-inner, :scope .e-con-inner &gt; .elementor-widget-hub_fancy_heading .lqd-split-chars .lqd-chars .split-inner, :scope .e-con-inner &gt; .elementor-widget-hub_fancy_heading .lqd-adv-txt-fig, :scope .e-con-inner &gt; .elementor-widget-ld_custom_menu .lqd-fancy-menu &gt; ul &gt; li, :scope .e-con:not([data-parallax]) .elementor-element &gt; .elementor-widget-container, :scope .e-con:not([data-parallax]) .elementor-widget-hub_fancy_heading .lqd-split-lines .lqd-lines .split-inner, :scope .e-con:not([data-parallax]) .elementor-widget-hub_fancy_heading .lqd-split-words .lqd-words .split-inner, :scope .e-con:not([data-parallax]) .elementor-widget-hub_fancy_heading .lqd-split-chars .lqd-chars .split-inner, :scope .e-con:not([data-parallax]) .elementor-widget-ld_custom_menu .lqd-fancy-menu &gt; ul &gt; li&quot;,&quot;duration&quot;:750,&quot;delay&quot;:60,&quot;ease&quot;:&quot;expo.out&quot;,&quot;initValues&quot;:{&quot;y&quot;:&quot;150px&quot;,&quot;scaleX&quot;:0.59999999999999997779553950749686919152736663818359375,&quot;scaleY&quot;:0.59999999999999997779553950749686919152736663818359375,&quot;opacity&quot;:0},&quot;animations&quot;:{&quot;y&quot;:&quot;0px&quot;,&quot;scaleX&quot;:1,&quot;scaleY&quot;:1,&quot;opacity&quot;:1}}\" class=\"elementor-element elementor-element-712d6a8f e-flex e-con-boxed e-con e-parent\" data-id=\"712d6a8f\" data-element_type=\"container\">\n\t\t\t\t\t<div class=\"e-con-inner\">\n\t\t\t\t<div class=\"elementor-element elementor-element-39d20918 elementor-widget elementor-widget-hub_fancy_heading\" data-id=\"39d20918\" data-element_type=\"widget\" data-widget_type=\"hub_fancy_heading.default\">\n\t\t\t\t<div class=\"elementor-widget-container\">\n\t\t\t\n\t\t<div id=\"ld-fancy-heading-69fe8e01ce68d\" class=\"ld-fancy-heading pos-rel\">\n\t\t\t<h6 class=\"ld-fh-element d-inline-block pos-rel  elementor-heading-title lqd-highlight-classic lqd-highlight-grow-left h6\"  > WiWO APPS<\/h6>\t\t<\/div>\n\n\t\t\t\t<\/div>\n\t\t\t\t<\/div>\n\t\t\t\t<div class=\"elementor-element elementor-element-6e03c3ea elementor-widget__width-inherit elementor-widget elementor-widget-spacer\" data-id=\"6e03c3ea\" data-element_type=\"widget\" data-widget_type=\"spacer.default\">\n\t\t\t\t<div class=\"elementor-widget-container\">\n\t\t\t\t\t<div class=\"elementor-spacer\">\n\t\t\t<div class=\"elementor-spacer-inner\"><\/div>\n\t\t<\/div>\n\t\t\t\t<\/div>\n\t\t\t\t<\/div>\n\t\t\t\t<div class=\"elementor-element elementor-element-6fbd4a90 elementor-widget elementor-widget-hub_fancy_heading lqd-el-has-inner-anim\" data-id=\"6fbd4a90\" data-element_type=\"widget\" data-settings=\"{&quot;enable_split&quot;:&quot;true&quot;,&quot;split_type&quot;:&quot;lines&quot;}\" data-widget_type=\"hub_fancy_heading.default\">\n\t\t\t\t<div class=\"elementor-widget-container\">\n\t\t\t\n\t\t<div id=\"ld-fancy-heading-69fe8e01ce9f3\" class=\"ld-fancy-heading pos-rel mask-text\">\n\t\t\t<h2 class=\"ld-fh-element d-inline-block pos-rel  elementor-heading-title lqd-highlight-classic lqd-highlight-grow-left lqd-split-lines h2\"  data-split-text=\"true\" data-split-options='{\"type\":\"lines\"}'> \u00bfNecesitas ayuda con nuestras plataformas?<\/h2>\t\t<\/div>\n\n\t\t\t\t<\/div>\n\t\t\t\t<\/div>\n\t\t<div data-custom-animations=\"true\" data-ca-options=\"{&quot;addChildTimelines&quot;:false,&quot;animationTarget&quot;:&quot;:scope  &gt; .e-con&quot;,&quot;duration&quot;:750,&quot;startDelay&quot;:350,&quot;delay&quot;:60,&quot;ease&quot;:&quot;expo.out&quot;,&quot;initValues&quot;:{&quot;y&quot;:&quot;150px&quot;,&quot;scaleX&quot;:0.59999999999999997779553950749686919152736663818359375,&quot;scaleY&quot;:0.59999999999999997779553950749686919152736663818359375,&quot;opacity&quot;:0},&quot;animations&quot;:{&quot;y&quot;:&quot;0px&quot;,&quot;scaleX&quot;:1,&quot;scaleY&quot;:1,&quot;opacity&quot;:1}}\" class=\"elementor-element elementor-element-f285b3c e-con-full e-flex e-con e-child\" data-id=\"f285b3c\" data-element_type=\"container\">\n\t\t<div class=\"elementor-element elementor-element-632cdcc4 e-con-full e-flex e-con e-child\" data-id=\"632cdcc4\" data-element_type=\"container\" data-settings=\"{&quot;background_background&quot;:&quot;classic&quot;}\">\n\t\t<div class=\"elementor-element elementor-element-29e48a36 e-con-full e-flex e-con e-child\" data-id=\"29e48a36\" data-element_type=\"container\" data-settings=\"{&quot;background_background&quot;:&quot;classic&quot;}\">\n\t\t\t\t<div class=\"elementor-element elementor-element-a791f81 elementor-widget elementor-widget-ld_fancy_image\" data-id=\"a791f81\" data-element_type=\"widget\" data-widget_type=\"ld_fancy_image.default\">\n\t\t\t\t<div class=\"elementor-widget-container\">\n\t\t\t\n\t\t<div class=\"lqd-imggrp-single d-block pos-rel \">\n\t\t\t<div class=\"lqd-imggrp-img-container d-inline-flex pos-rel align-items-center justify-content-center \">\n\t\t\t\t\t\t\t\t<figure class=\"w-100 pos-rel\">\n\t\t\t\t\t<img loading=\"lazy\" decoding=\"async\" width=\"2528\" height=\"2528\" src=\"data:image\/svg+xml;charset=utf-8,%3Csvg xmlns%3D&#039;http%3A%2F%2Fwww.w3.org%2F2000%2Fsvg&#039; viewBox%3D&#039;0 0 2528 2528&#039;%2F%3E\" class=\"attachment-full size-full wp-image-698 ld-lazyload\" alt=\"\" itemprop=\"image\" data-src=\"https:\/\/staging.wiwo.center\/wp-content\/uploads\/2024\/08\/Mesa-de-trabajo-18@2x.png\" data-srcset=\"https:\/\/staging.wiwo.center\/wp-content\/uploads\/2024\/08\/Mesa-de-trabajo-18@2x.png 2528w, https:\/\/staging.wiwo.center\/wp-content\/uploads\/2024\/08\/Mesa-de-trabajo-18@2x-300x300.png 300w, https:\/\/staging.wiwo.center\/wp-content\/uploads\/2024\/08\/Mesa-de-trabajo-18@2x-1024x1024.png 1024w, https:\/\/staging.wiwo.center\/wp-content\/uploads\/2024\/08\/Mesa-de-trabajo-18@2x-150x150.png 150w, https:\/\/staging.wiwo.center\/wp-content\/uploads\/2024\/08\/Mesa-de-trabajo-18@2x-1536x1536.png 1536w, https:\/\/staging.wiwo.center\/wp-content\/uploads\/2024\/08\/Mesa-de-trabajo-18@2x-2048x2048.png 2048w, https:\/\/staging.wiwo.center\/wp-content\/uploads\/2024\/08\/Mesa-de-trabajo-18@2x-320x320.png 320w, https:\/\/staging.wiwo.center\/wp-content\/uploads\/2024\/08\/Mesa-de-trabajo-18@2x-760x760.png 760w\" data-sizes=\"(max-width: 2528px) 100vw, 2528px\" data-aspect=\"1\" \/>\t\t\t\t\t\t\t\t\t\t\t\t\t\t\t\t\t\t\t\t\t\t\t\t\t\t\t\t\t<\/figure>\n\t\t\t<\/div>\n\t\t<\/div>\n\n\t\t\t<\/div>\n\t\t\t\t<\/div>\n\t\t\t\t<\/div>\n\t\t\t\t<div class=\"elementor-element elementor-element-313d16a elementor-widget elementor-widget-ld_button\" data-id=\"313d16a\" data-element_type=\"widget\" data-widget_type=\"ld_button.default\">\n\t\t\t\t<div class=\"elementor-widget-container\">\n\t\t\t\n\t\t\t<a\n\t\t\t\thref=\"#\"class=\"elementor-button btn btn-solid btn-icon-shaped btn-has-label\"\t\t\t>\n\t\t\t\t\t\t\t\t\t<span data-text=\"Ver\" class=\"btn-txt\">\n\t\t\t\t\t\tVer\t\t\t\t\t<\/span>\n\t\t\t\t\t\t\t\t\t\t\t<\/a>\n\t\t\t\t\t<\/div>\n\t\t\t\t<\/div>\n\t\t\t\t<\/div>\n\t\t<div class=\"elementor-element elementor-element-7c82516a e-con-full e-flex e-con e-child\" data-id=\"7c82516a\" data-element_type=\"container\" data-settings=\"{&quot;background_background&quot;:&quot;classic&quot;}\">\n\t\t<div class=\"elementor-element elementor-element-5ff5aebe e-flex e-con-boxed e-con e-child\" data-id=\"5ff5aebe\" data-element_type=\"container\" data-settings=\"{&quot;background_background&quot;:&quot;classic&quot;}\">\n\t\t\t\t\t<div class=\"e-con-inner\">\n\t\t\t\t<div class=\"elementor-element elementor-element-3ab66f2 elementor-widget elementor-widget-ld_fancy_image\" data-id=\"3ab66f2\" data-element_type=\"widget\" data-widget_type=\"ld_fancy_image.default\">\n\t\t\t\t<div class=\"elementor-widget-container\">\n\t\t\t\n\t\t<div class=\"lqd-imggrp-single d-block pos-rel \">\n\t\t\t<div class=\"lqd-imggrp-img-container d-inline-flex pos-rel align-items-center justify-content-center \">\n\t\t\t\t\t\t\t\t<figure class=\"w-100 pos-rel\">\n\t\t\t\t\t<img loading=\"lazy\" decoding=\"async\" width=\"2528\" height=\"2528\" src=\"data:image\/svg+xml;charset=utf-8,%3Csvg xmlns%3D&#039;http%3A%2F%2Fwww.w3.org%2F2000%2Fsvg&#039; viewBox%3D&#039;0 0 2528 2528&#039;%2F%3E\" class=\"attachment-full size-full wp-image-700 ld-lazyload\" alt=\"\" itemprop=\"image\" data-src=\"https:\/\/staging.wiwo.center\/wp-content\/uploads\/2024\/08\/Mesa-de-trabajo-22@2x.png\" data-srcset=\"https:\/\/staging.wiwo.center\/wp-content\/uploads\/2024\/08\/Mesa-de-trabajo-22@2x.png 2528w, https:\/\/staging.wiwo.center\/wp-content\/uploads\/2024\/08\/Mesa-de-trabajo-22@2x-300x300.png 300w, https:\/\/staging.wiwo.center\/wp-content\/uploads\/2024\/08\/Mesa-de-trabajo-22@2x-1024x1024.png 1024w, https:\/\/staging.wiwo.center\/wp-content\/uploads\/2024\/08\/Mesa-de-trabajo-22@2x-150x150.png 150w, https:\/\/staging.wiwo.center\/wp-content\/uploads\/2024\/08\/Mesa-de-trabajo-22@2x-1536x1536.png 1536w, https:\/\/staging.wiwo.center\/wp-content\/uploads\/2024\/08\/Mesa-de-trabajo-22@2x-2048x2048.png 2048w, https:\/\/staging.wiwo.center\/wp-content\/uploads\/2024\/08\/Mesa-de-trabajo-22@2x-320x320.png 320w, https:\/\/staging.wiwo.center\/wp-content\/uploads\/2024\/08\/Mesa-de-trabajo-22@2x-760x760.png 760w\" data-sizes=\"(max-width: 2528px) 100vw, 2528px\" data-aspect=\"1\" \/>\t\t\t\t\t\t\t\t\t\t\t\t\t\t\t\t\t\t\t\t\t\t\t\t\t\t\t\t\t<\/figure>\n\t\t\t<\/div>\n\t\t<\/div>\n\n\t\t\t<\/div>\n\t\t\t\t<\/div>\n\t\t\t\t\t<\/div>\n\t\t\t\t<\/div>\n\t\t\t\t<div class=\"elementor-element elementor-element-800dc8a elementor-align-center elementor-widget elementor-widget-ld_button\" data-id=\"800dc8a\" data-element_type=\"widget\" data-widget_type=\"ld_button.default\">\n\t\t\t\t<div class=\"elementor-widget-container\">\n\t\t\t\n\t\t\t<a\n\t\t\t\thref=\"#\"class=\"elementor-button btn btn-solid btn-icon-shaped btn-has-label\"\t\t\t>\n\t\t\t\t\t\t\t\t\t<span data-text=\"Ver\" class=\"btn-txt\">\n\t\t\t\t\t\tVer\t\t\t\t\t<\/span>\n\t\t\t\t\t\t\t\t\t\t\t<\/a>\n\t\t\t\t\t<\/div>\n\t\t\t\t<\/div>\n\t\t\t\t<\/div>\n\t\t<div class=\"elementor-element elementor-element-273e0a47 e-con-full e-flex e-con e-child\" data-id=\"273e0a47\" data-element_type=\"container\" data-settings=\"{&quot;background_background&quot;:&quot;classic&quot;}\">\n\t\t<div class=\"elementor-element elementor-element-46a1ffef e-flex e-con-boxed e-con e-child\" data-id=\"46a1ffef\" data-element_type=\"container\" data-settings=\"{&quot;background_background&quot;:&quot;classic&quot;}\">\n\t\t\t\t\t<div class=\"e-con-inner\">\n\t\t\t\t<div class=\"elementor-element elementor-element-19c1861 elementor-widget elementor-widget-ld_fancy_image\" data-id=\"19c1861\" data-element_type=\"widget\" data-widget_type=\"ld_fancy_image.default\">\n\t\t\t\t<div class=\"elementor-widget-container\">\n\t\t\t\n\t\t<div class=\"lqd-imggrp-single d-block pos-rel \">\n\t\t\t<div class=\"lqd-imggrp-img-container d-inline-flex pos-rel align-items-center justify-content-center \">\n\t\t\t\t\t\t\t\t<figure class=\"w-100 pos-rel\">\n\t\t\t\t\t<img loading=\"lazy\" decoding=\"async\" width=\"2528\" height=\"2528\" src=\"data:image\/svg+xml;charset=utf-8,%3Csvg xmlns%3D&#039;http%3A%2F%2Fwww.w3.org%2F2000%2Fsvg&#039; viewBox%3D&#039;0 0 2528 2528&#039;%2F%3E\" class=\"attachment-full size-full wp-image-699 ld-lazyload\" alt=\"\" itemprop=\"image\" data-src=\"https:\/\/staging.wiwo.center\/wp-content\/uploads\/2024\/08\/Mesa-de-trabajo-19@2x.png\" data-srcset=\"https:\/\/staging.wiwo.center\/wp-content\/uploads\/2024\/08\/Mesa-de-trabajo-19@2x.png 2528w, https:\/\/staging.wiwo.center\/wp-content\/uploads\/2024\/08\/Mesa-de-trabajo-19@2x-300x300.png 300w, https:\/\/staging.wiwo.center\/wp-content\/uploads\/2024\/08\/Mesa-de-trabajo-19@2x-1024x1024.png 1024w, https:\/\/staging.wiwo.center\/wp-content\/uploads\/2024\/08\/Mesa-de-trabajo-19@2x-150x150.png 150w, https:\/\/staging.wiwo.center\/wp-content\/uploads\/2024\/08\/Mesa-de-trabajo-19@2x-1536x1536.png 1536w, https:\/\/staging.wiwo.center\/wp-content\/uploads\/2024\/08\/Mesa-de-trabajo-19@2x-2048x2048.png 2048w, https:\/\/staging.wiwo.center\/wp-content\/uploads\/2024\/08\/Mesa-de-trabajo-19@2x-320x320.png 320w, https:\/\/staging.wiwo.center\/wp-content\/uploads\/2024\/08\/Mesa-de-trabajo-19@2x-760x760.png 760w\" data-sizes=\"(max-width: 2528px) 100vw, 2528px\" data-aspect=\"1\" \/>\t\t\t\t\t\t\t\t\t\t\t\t\t\t\t\t\t\t\t\t\t\t\t\t\t\t\t\t\t<\/figure>\n\t\t\t<\/div>\n\t\t<\/div>\n\n\t\t\t<\/div>\n\t\t\t\t<\/div>\n\t\t\t\t\t<\/div>\n\t\t\t\t<\/div>\n\t\t\t\t<div class=\"elementor-element elementor-element-5773f98 elementor-align-center elementor-widget elementor-widget-ld_button\" data-id=\"5773f98\" data-element_type=\"widget\" data-widget_type=\"ld_button.default\">\n\t\t\t\t<div class=\"elementor-widget-container\">\n\t\t\t\n\t\t\t<a\n\t\t\t\thref=\"#\"class=\"elementor-button btn btn-solid btn-icon-shaped btn-has-label\"\t\t\t>\n\t\t\t\t\t\t\t\t\t<span data-text=\"Ver\" class=\"btn-txt\">\n\t\t\t\t\t\tVer\t\t\t\t\t<\/span>\n\t\t\t\t\t\t\t\t\t\t\t<\/a>\n\t\t\t\t\t<\/div>\n\t\t\t\t<\/div>\n\t\t\t\t<\/div>\n\t\t\t\t<\/div>\n\t\t\t\t<div class=\"elementor-element elementor-element-21c4bc75 elementor-widget__width-inherit elementor-widget elementor-widget-spacer\" data-id=\"21c4bc75\" data-element_type=\"widget\" data-widget_type=\"spacer.default\">\n\t\t\t\t<div class=\"elementor-widget-container\">\n\t\t\t\t\t<div class=\"elementor-spacer\">\n\t\t\t<div class=\"elementor-spacer-inner\"><\/div>\n\t\t<\/div>\n\t\t\t\t<\/div>\n\t\t\t\t<\/div>\n\t\t\t\t<div class=\"elementor-element elementor-element-2326f044 elementor-widget elementor-widget-hub_fancy_heading\" data-id=\"2326f044\" data-element_type=\"widget\" data-widget_type=\"hub_fancy_heading.default\">\n\t\t\t\t<div class=\"elementor-widget-container\">\n\t\t\t\n\t\t<div id=\"ld-fancy-heading-69fe8e01d3608\" class=\"ld-fancy-heading pos-rel\">\n\t\t\t<p class=\"ld-fh-element d-inline-block pos-rel  lqd-highlight-classic lqd-highlight-grow-left p\"  > Si necesitas m\u00e1s informaci\u00f3n sobre nuestras plataformas, puedes visitar nuestra <a href=\"#\" style=\"color: #2D6FE8\"><u>documentaci\u00f3n<\/u><\/a> o solicitar un <a href=\"#\" style=\"color: #2D6FE8\"><u>ticket de soporte.<\/u><\/a><\/p>\t\t<\/div>\n\n\t\t\t\t<\/div>\n\t\t\t\t<\/div>\n\t\t\t\t\t<\/div>\n\t\t\t\t<\/div>\n\t\t<div class=\"elementor-element elementor-element-615df03 e-flex e-con-boxed e-con e-parent\" data-id=\"615df03\" data-element_type=\"container\">\n\t\t\t\t\t<div class=\"e-con-inner\">\n\t\t<div class=\"elementor-element elementor-element-873002a e-con-full e-flex e-con e-child\" data-id=\"873002a\" data-element_type=\"container\" data-settings=\"{&quot;background_background&quot;:&quot;classic&quot;}\">\n\t\t\t\t<div class=\"elementor-element elementor-element-de8c19b elementor-widget elementor-widget-hub_fancy_heading\" data-id=\"de8c19b\" data-element_type=\"widget\" data-widget_type=\"hub_fancy_heading.default\">\n\t\t\t\t<div class=\"elementor-widget-container\">\n\t\t\t\n\t\t<div id=\"ld-fancy-heading-69fe8e01d3c32\" class=\"ld-fancy-heading pos-rel\">\n\t\t\t<h2 class=\"ld-fh-element d-inline-block pos-rel  elementor-heading-title lqd-highlight-classic lqd-highlight-grow-left h2\"  > Solicitudes<\/h2>\t\t<\/div>\n\n\t\t\t\t<\/div>\n\t\t\t\t<\/div>\n\t\t\t\t<\/div>\n\t\t<div class=\"elementor-element elementor-element-97e92ee e-con-full e-flex e-con e-child\" data-id=\"97e92ee\" data-element_type=\"container\" data-settings=\"{&quot;background_background&quot;:&quot;classic&quot;}\">\n\t\t\t\t<div class=\"elementor-element elementor-element-780f09c elementor-widget elementor-widget-hub_fancy_heading\" data-id=\"780f09c\" data-element_type=\"widget\" data-widget_type=\"hub_fancy_heading.default\">\n\t\t\t\t<div class=\"elementor-widget-container\">\n\t\t\t\n\t\t<div id=\"ld-fancy-heading-69fe8e01d3fb4\" class=\"ld-fancy-heading pos-rel\">\n\t\t\t<h2 class=\"ld-fh-element d-inline-block pos-rel  elementor-heading-title lqd-highlight-classic lqd-highlight-grow-left h2\"  > Soporte<\/h2>\t\t<\/div>\n\n\t\t\t\t<\/div>\n\t\t\t\t<\/div>\n\t\t\t\t<\/div>\n\t\t\t\t\t<\/div>\n\t\t\t\t<\/div>\n\t\t\t\t<\/div>\n\t\t","protected":false},"excerpt":{"rendered":"<p>support deck Cu\u00e9ntanos qu\u00e9 est\u00e1 pasando&#8230; WiWO APPS \u00bfNecesitas ayuda con nuestras plataformas? Ver Ver Ver Si necesitas m\u00e1s informaci\u00f3n sobre nuestras plataformas, puedes visitar nuestra documentaci\u00f3n o solicitar un ticket de soporte. Solicitudes Soporte<\/p>\n","protected":false},"author":1,"featured_media":0,"parent":0,"menu_order":0,"comment_status":"closed","ping_status":"closed","template":"","meta":{"footnotes":""},"class_list":["post-737","page","type-page","status-publish","hentry"],"_links":{"self":[{"href":"https:\/\/staging.wiwo.center\/index.php\/wp-json\/wp\/v2\/pages\/737","targetHints":{"allow":["GET"]}}],"collection":[{"href":"https:\/\/staging.wiwo.center\/index.php\/wp-json\/wp\/v2\/pages"}],"about":[{"href":"https:\/\/staging.wiwo.center\/index.php\/wp-json\/wp\/v2\/types\/page"}],"author":[{"embeddable":true,"href":"https:\/\/staging.wiwo.center\/index.php\/wp-json\/wp\/v2\/users\/1"}],"replies":[{"embeddable":true,"href":"https:\/\/staging.wiwo.center\/index.php\/wp-json\/wp\/v2\/comments?post=737"}],"version-history":[{"count":50,"href":"https:\/\/staging.wiwo.center\/index.php\/wp-json\/wp\/v2\/pages\/737\/revisions"}],"predecessor-version":[{"id":1643,"href":"https:\/\/staging.wiwo.center\/index.php\/wp-json\/wp\/v2\/pages\/737\/revisions\/1643"}],"wp:attachment":[{"href":"https:\/\/staging.wiwo.center\/index.php\/wp-json\/wp\/v2\/media?parent=737"}],"curies":[{"name":"wp","href":"https:\/\/api.w.org\/{rel}","templated":true}]}}