{"id":754,"date":"2024-08-19T02:16:33","date_gmt":"2024-08-19T02:16:33","guid":{"rendered":"https:\/\/wiwo.center\/?page_id=754"},"modified":"2024-09-09T18:24:02","modified_gmt":"2024-09-09T21:24:02","slug":"services-gateway","status":"publish","type":"page","link":"https:\/\/staging.wiwo.center\/index.php\/services-gateway\/","title":{"rendered":"Services Gateway"},"content":{"rendered":"\t\t<div data-elementor-type=\"wp-page\" data-elementor-id=\"754\" class=\"elementor elementor-754\" data-elementor-post-type=\"page\">\n\t\t\t\t<div class=\"elementor-element elementor-element-b27b3ef e-flex e-con-boxed e-con e-parent\" data-id=\"b27b3ef\" data-element_type=\"container\">\n\t\t\t\t\t<div class=\"e-con-inner\">\n\t\t<div data-custom-animations=\"true\" data-ca-options=\"{&quot;addChildTimelines&quot;:false,&quot;animationTarget&quot;:&quot;:scope  &gt; .e-con&quot;,&quot;duration&quot;:500,&quot;startDelay&quot;:500,&quot;ease&quot;:&quot;expo.inOut&quot;,&quot;initValues&quot;:{&quot;scaleX&quot;:0.75,&quot;scaleY&quot;:0.75,&quot;opacity&quot;:0},&quot;animations&quot;:{&quot;scaleX&quot;:1,&quot;scaleY&quot;:1,&quot;opacity&quot;:1}}\" class=\"elementor-element elementor-element-1e48ac4 e-con-full e-flex e-con e-child\" data-id=\"1e48ac4\" data-element_type=\"container\">\n\t\t<div data-custom-animations=\"true\" data-ca-options=\"{&quot;addChildTimelines&quot;:false,&quot;animationTarget&quot;:&quot;:scope  &gt; .elementor-element:not(.lqd-exclude-parent-ca) &gt; .elementor-widget-container, :scope  &gt; .elementor-widget-hub_fancy_heading .lqd-split-lines .lqd-lines .split-inner, :scope  &gt; .elementor-widget-hub_fancy_heading .lqd-split-words .lqd-words .split-inner, :scope  &gt; .elementor-widget-hub_fancy_heading .lqd-split-chars .lqd-chars .split-inner, :scope  &gt; .elementor-widget-hub_fancy_heading .lqd-adv-txt-fig, :scope  &gt; .elementor-widget-ld_custom_menu .lqd-fancy-menu &gt; ul &gt; li, :scope .e-con:not([data-parallax]) .elementor-element &gt; .elementor-widget-container, :scope .e-con:not([data-parallax]) .elementor-widget-hub_fancy_heading .lqd-split-lines .lqd-lines .split-inner, :scope .e-con:not([data-parallax]) .elementor-widget-hub_fancy_heading .lqd-split-words .lqd-words .split-inner, :scope .e-con:not([data-parallax]) .elementor-widget-hub_fancy_heading .lqd-split-chars .lqd-chars .split-inner, :scope .e-con:not([data-parallax]) .elementor-widget-ld_custom_menu .lqd-fancy-menu &gt; ul &gt; li&quot;,&quot;duration&quot;:1000,&quot;ease&quot;:&quot;expo.out&quot;,&quot;initValues&quot;:{&quot;y&quot;:&quot;100px&quot;},&quot;animations&quot;:{&quot;y&quot;:&quot;0px&quot;}}\" class=\"elementor-element elementor-element-4dea0fb e-con-full e-flex e-con e-child\" data-id=\"4dea0fb\" data-element_type=\"container\">\n\t\t\t\t<div data-parallax=\"true\" data-parallax-options=\"{&quot;ease&quot;:[&quot;linear&quot;],&quot;start&quot;:&quot;top bottom&quot;,&quot;end&quot;:&quot;bottom+=0px top&quot;}\" data-parallax-from=\"{&quot;y&quot;:&quot;-250px&quot;,&quot;scaleX&quot;:1.5,&quot;scaleY&quot;:1.5}\" data-parallax-to=\"{&quot;y&quot;:&quot;-85px&quot;,&quot;scaleX&quot;:1.3000000000000000444089209850062616169452667236328125,&quot;scaleY&quot;:1.3000000000000000444089209850062616169452667236328125}\" class=\"elementor-element elementor-element-ab1a63f elementor-absolute elementor-widget elementor-widget-video\" data-id=\"ab1a63f\" data-element_type=\"widget\" data-settings=\"{&quot;video_type&quot;:&quot;hosted&quot;,&quot;autoplay&quot;:&quot;yes&quot;,&quot;play_on_mobile&quot;:&quot;yes&quot;,&quot;mute&quot;:&quot;yes&quot;,&quot;loop&quot;:&quot;yes&quot;,&quot;_position&quot;:&quot;absolute&quot;}\" data-widget_type=\"video.default\">\n\t\t\t\t<div class=\"elementor-widget-container\">\n\t\t\t\t\t<div class=\"e-hosted-video elementor-wrapper elementor-open-inline\">\n\t\t\t\t\t<video class=\"elementor-video\" src=\"https:\/\/staging-hub.liquid-themes.com\/starthubfour\/wp-content\/uploads\/2022\/07\/56c7bb725f5d91101742004902831a69.mp4\" autoplay=\"\" loop=\"\" muted=\"muted\" playsinline=\"\" controlsList=\"nodownload\" poster=\"https:\/\/staging-hub.liquid-themes.com\/starthubfour\/wp-content\/uploads\/2022\/07\/040d233fd1349b9a9a2f749516aae519.jpeg\"><\/video>\n\t\t\t\t<\/div>\n\t\t\t\t<\/div>\n\t\t\t\t<\/div>\n\t\t\t\t<\/div>\n\t\t<div data-custom-animations=\"true\" data-ca-options=\"{&quot;addChildTimelines&quot;:false,&quot;animationTarget&quot;:&quot;:scope .e-con-inner &gt; .elementor-element:not(.lqd-exclude-parent-ca) &gt; .elementor-widget-container, :scope .e-con-inner &gt; .elementor-widget-hub_fancy_heading .lqd-split-lines .lqd-lines .split-inner, :scope .e-con-inner &gt; .elementor-widget-hub_fancy_heading .lqd-split-words .lqd-words .split-inner, :scope .e-con-inner &gt; .elementor-widget-hub_fancy_heading .lqd-split-chars .lqd-chars .split-inner, :scope .e-con-inner &gt; .elementor-widget-hub_fancy_heading .lqd-adv-txt-fig, :scope .e-con-inner &gt; .elementor-widget-ld_custom_menu .lqd-fancy-menu &gt; ul &gt; li, :scope .e-con:not([data-parallax]) .elementor-element &gt; .elementor-widget-container, :scope .e-con:not([data-parallax]) .elementor-widget-hub_fancy_heading .lqd-split-lines .lqd-lines .split-inner, :scope .e-con:not([data-parallax]) .elementor-widget-hub_fancy_heading .lqd-split-words .lqd-words .split-inner, :scope .e-con:not([data-parallax]) .elementor-widget-hub_fancy_heading .lqd-split-chars .lqd-chars .split-inner, :scope .e-con:not([data-parallax]) .elementor-widget-ld_custom_menu .lqd-fancy-menu &gt; ul &gt; li&quot;,&quot;duration&quot;:750,&quot;startDelay&quot;:1250,&quot;delay&quot;:50,&quot;ease&quot;:&quot;expo.out&quot;,&quot;initValues&quot;:{&quot;y&quot;:&quot;70px&quot;,&quot;scaleX&quot;:0.5,&quot;scaleY&quot;:0.5,&quot;opacity&quot;:0},&quot;animations&quot;:{&quot;y&quot;:&quot;0px&quot;,&quot;scaleX&quot;:1,&quot;scaleY&quot;:1,&quot;opacity&quot;:1}}\" class=\"elementor-element elementor-element-bd82c6b e-flex e-con-boxed e-con e-child\" data-id=\"bd82c6b\" data-element_type=\"container\" data-settings=\"{&quot;background_background&quot;:&quot;classic&quot;}\">\n\t\t\t\t\t<div class=\"e-con-inner\">\n\t\t\t\t<div class=\"elementor-element elementor-element-ccb54fb elementor-widget elementor-widget-hub_fancy_heading\" data-id=\"ccb54fb\" data-element_type=\"widget\" data-widget_type=\"hub_fancy_heading.default\">\n\t\t\t\t<div class=\"elementor-widget-container\">\n\t\t\t\n\t\t<div id=\"ld-fancy-heading-69fe97f9e3d88\" class=\"ld-fancy-heading pos-rel\">\n\t\t\t<h6 class=\"ld-fh-element d-inline-block pos-rel  elementor-heading-title lqd-highlight-classic lqd-highlight-grow-left h6\"  > Descubre c\u00f3mo funciona\n\n\n\n\n\n\n\n<\/h6>\t\t<\/div>\n\n\t\t\t\t<\/div>\n\t\t\t\t<\/div>\n\t\t\t\t<div class=\"elementor-element elementor-element-0f094af elementor-align-left elementor-widget elementor-widget-ld_icon_box\" data-id=\"0f094af\" data-element_type=\"widget\" data-widget_type=\"ld_icon_box.default\">\n\t\t\t\t<div class=\"elementor-widget-container\">\n\t\t\t\n\t\t\t<div id=\"ld_icon_box_0f094af\" class=\"iconbox d-flex flex-grow-1 pos-rel flex-wrap align-items-center iconbox-inline iconbox-icon-shaped iconbox-circle iconbox-icon-ripple\"   >\n\n\t\t\t\t\n\t\t\t\t<div class=\"iconbox-icon-wrap  \"><div class=\"iconbox-icon-container d-inline-flex pos-rel z-index-1 border-radius-circle\"><i aria-hidden=\"true\" class=\"lqd-icn-ess icon-num-1\"><\/i><\/div><\/div>\n\t\t\t\t<h3 class=\"lqd-iconbox-heading \" >Ingresa tu Solicitud <\/h3>\n\t\t\t\t<div class=\"contents \">\n\t\t\t\t\n\t\t\t\t\t\t\t\t<p>Ingresa la solicitud que m\u00e1s se ajuste a tus necesidades, llenando los campos que aparecer\u00e1n en el formulario. Recuerda detallar lo mejor posible para que nuestros Socios Creadores puedan tomar la tarea con rapidez.<\/p>\n\t\t\t\t\n\t\t\t\t<\/div>\n\t\t\t\t\n\t\t\t<\/div>\n\n\t\t\t\t<\/div>\n\t\t\t\t<\/div>\n\t\t\t\t<div class=\"elementor-element elementor-element-ff32327 elementor-widget__width-inherit elementor-widget elementor-widget-spacer\" data-id=\"ff32327\" data-element_type=\"widget\" data-widget_type=\"spacer.default\">\n\t\t\t\t<div class=\"elementor-widget-container\">\n\t\t\t\t\t<div class=\"elementor-spacer\">\n\t\t\t<div class=\"elementor-spacer-inner\"><\/div>\n\t\t<\/div>\n\t\t\t\t<\/div>\n\t\t\t\t<\/div>\n\t\t\t\t<div class=\"elementor-element elementor-element-bcf2c29 elementor-align-left elementor-widget elementor-widget-ld_icon_box\" data-id=\"bcf2c29\" data-element_type=\"widget\" data-widget_type=\"ld_icon_box.default\">\n\t\t\t\t<div class=\"elementor-widget-container\">\n\t\t\t\n\t\t\t<div id=\"ld_icon_box_bcf2c29\" class=\"iconbox d-flex flex-grow-1 pos-rel flex-wrap align-items-center iconbox-inline iconbox-icon-shaped iconbox-circle iconbox-icon-ripple\"   >\n\n\t\t\t\t\n\t\t\t\t<div class=\"iconbox-icon-wrap  \"><div class=\"iconbox-icon-container d-inline-flex pos-rel z-index-1 border-radius-circle\"><i aria-hidden=\"true\" class=\"lqd-icn-ess icon-num-2\"><\/i><\/div><\/div>\n\t\t\t\t<h3 class=\"lqd-iconbox-heading \" >Recibe tu Confirmaci\u00f3n de Solicitud <\/h3>\n\t\t\t\t<div class=\"contents \">\n\t\t\t\t\n\t\t\t\t\t\t\t\t<p>Recibir\u00e1s un mail de confirmaci\u00f3n con el detalle de tu solicitud y su fecha de entrega.<\/p>\n\t\t\t\t\n\t\t\t\t<\/div>\n\t\t\t\t\n\t\t\t<\/div>\n\n\t\t\t\t<\/div>\n\t\t\t\t<\/div>\n\t\t\t\t<div class=\"elementor-element elementor-element-6fefd65 elementor-widget__width-inherit elementor-widget elementor-widget-spacer\" data-id=\"6fefd65\" data-element_type=\"widget\" data-widget_type=\"spacer.default\">\n\t\t\t\t<div class=\"elementor-widget-container\">\n\t\t\t\t\t<div class=\"elementor-spacer\">\n\t\t\t<div class=\"elementor-spacer-inner\"><\/div>\n\t\t<\/div>\n\t\t\t\t<\/div>\n\t\t\t\t<\/div>\n\t\t\t\t<div class=\"elementor-element elementor-element-295bd7f elementor-align-left elementor-widget elementor-widget-ld_icon_box\" data-id=\"295bd7f\" data-element_type=\"widget\" data-widget_type=\"ld_icon_box.default\">\n\t\t\t\t<div class=\"elementor-widget-container\">\n\t\t\t\n\t\t\t<div id=\"ld_icon_box_295bd7f\" class=\"iconbox d-flex flex-grow-1 pos-rel flex-wrap align-items-center iconbox-inline iconbox-icon-shaped iconbox-circle iconbox-icon-ripple\"   >\n\n\t\t\t\t\n\t\t\t\t<div class=\"iconbox-icon-wrap  \"><div class=\"iconbox-icon-container d-inline-flex pos-rel z-index-1 border-radius-circle\"><i aria-hidden=\"true\" class=\"lqd-icn-ess icon-num-3\"><\/i><\/div><\/div>\n\t\t\t\t<h3 class=\"lqd-iconbox-heading \" >Disfruta de tu Proyecto <\/h3>\n\t\t\t\t<div class=\"contents \">\n\t\t\t\t\n\t\t\t\t\t\t\t\t<p>\u00a1Ha llegado el momento! Disfruta de tu solicitud entregada por nuestro equipo de Socios Creadores.<\/p>\n\t\t\t\t\n\t\t\t\t<\/div>\n\t\t\t\t\n\t\t\t<\/div>\n\n\t\t\t\t<\/div>\n\t\t\t\t<\/div>\n\t\t\t\t\t<\/div>\n\t\t\t\t<\/div>\n\t\t\t\t<\/div>\n\t\t\t\t\t<\/div>\n\t\t\t\t<\/div>\n\t\t\t\t<\/div>\n\t\t","protected":false},"excerpt":{"rendered":"<p>https:\/\/staging-hub.liquid-themes.com\/starthubfour\/wp-content\/uploads\/2022\/07\/56c7bb725f5d91101742004902831a69.mp4 Descubre c\u00f3mo funciona Ingresa tu Solicitud Ingresa la solicitud que m\u00e1s se ajuste a tus necesidades, llenando los campos que aparecer\u00e1n en el formulario. Recuerda detallar lo mejor posible para que nuestros Socios Creadores puedan tomar la tarea con rapidez. Recibe tu Confirmaci\u00f3n de Solicitud Recibir\u00e1s un mail de confirmaci\u00f3n con el detalle de [&hellip;]<\/p>\n","protected":false},"author":1,"featured_media":0,"parent":0,"menu_order":0,"comment_status":"closed","ping_status":"closed","template":"","meta":{"footnotes":""},"class_list":["post-754","page","type-page","status-publish","hentry"],"_links":{"self":[{"href":"https:\/\/staging.wiwo.center\/index.php\/wp-json\/wp\/v2\/pages\/754","targetHints":{"allow":["GET"]}}],"collection":[{"href":"https:\/\/staging.wiwo.center\/index.php\/wp-json\/wp\/v2\/pages"}],"about":[{"href":"https:\/\/staging.wiwo.center\/index.php\/wp-json\/wp\/v2\/types\/page"}],"author":[{"embeddable":true,"href":"https:\/\/staging.wiwo.center\/index.php\/wp-json\/wp\/v2\/users\/1"}],"replies":[{"embeddable":true,"href":"https:\/\/staging.wiwo.center\/index.php\/wp-json\/wp\/v2\/comments?post=754"}],"version-history":[{"count":4,"href":"https:\/\/staging.wiwo.center\/index.php\/wp-json\/wp\/v2\/pages\/754\/revisions"}],"predecessor-version":[{"id":1454,"href":"https:\/\/staging.wiwo.center\/index.php\/wp-json\/wp\/v2\/pages\/754\/revisions\/1454"}],"wp:attachment":[{"href":"https:\/\/staging.wiwo.center\/index.php\/wp-json\/wp\/v2\/media?parent=754"}],"curies":[{"name":"wp","href":"https:\/\/api.w.org\/{rel}","templated":true}]}}